{"id":114,"date":"2017-05-06T16:23:42","date_gmt":"2017-05-06T14:23:42","guid":{"rendered":"http:\/\/dev.firestones-wilsingen.de\/?page_id=114"},"modified":"2017-05-31T18:22:15","modified_gmt":"2017-05-31T16:22:15","slug":"vereinsnews","status":"publish","type":"page","link":"http:\/\/dev.firestones-wilsingen.de\/index.php\/unser-verein\/vereinsnews\/","title":{"rendered":"NEWS"},"content":{"rendered":"\r\n<section class=\"sh-section sh-section-94aa1f3eeeacf299ab62352d6c41a3c9 fw-main-row sh-section-visibility-everywhere\">\r\n\t\r\n\t\r\n\t<div class=\"sh-section-container container\">\r\n\t\t<div class=\"fw-row\">\n\t\r\n<div class=\"sh-column sh-column-4310bd70ba9f71a5a10bf76e6e395962 fw-col-xs-12\" >\r\n\r\n\t\r\n\t<div class=\"sh-column-wrapper\">\r\n\t\t\r\n\r\n\r\n\r\n<div class=\"sh-recent-posts\" id=\"recent-posts-458dcb7aace56148c6cf04be86e37aed\" data-id=\"3\">\r\n\r\n\t\t\r\n\t<div class=\"sh-group blog-list blog-style-masonry\">\r\n\t\t\r\n\t<article id=\"post-1706\" class=\"post-item post-1706 post type-post status-publish format-standard has-post-thumbnail hentry category-news\" itemscope=\"itemscope\" itemtype=\"http:\/\/schema.org\/Article\">\r\n\t\t<div class=\"post-container\">\r\n\t\t\t<span class=\"sh-popover-mini\">New<\/span>\r\n\t\t\t<div class=\"post-meta-thumb\">\r\n\t\t\t\t\r\n\t\t\t\t\t\t\t\t\t<img width=\"1024\" height=\"593\" src=\"http:\/\/dev.firestones-wilsingen.de\/wp-content\/uploads\/2017\/05\/Homepage-1-1024x593.jpg\" class=\"attachment-large size-large wp-post-image\" alt=\"\" decoding=\"async\" loading=\"lazy\" srcset=\"http:\/\/dev.firestones-wilsingen.de\/wp-content\/uploads\/2017\/05\/Homepage-1-1024x593.jpg 1024w, http:\/\/dev.firestones-wilsingen.de\/wp-content\/uploads\/2017\/05\/Homepage-1-300x174.jpg 300w, http:\/\/dev.firestones-wilsingen.de\/wp-content\/uploads\/2017\/05\/Homepage-1-768x445.jpg 768w, http:\/\/dev.firestones-wilsingen.de\/wp-content\/uploads\/2017\/05\/Homepage-1.jpg 1848w\" sizes=\"(max-width: 1024px) 100vw, 1024px\" \/>\t\t\t\t\r\n\t\t\t\t\r\n        <div class=\"sh-overlay-style1\">\r\n            <div class=\"sh-table-full\">\r\n                                    <a href=\"http:\/\/dev.firestones-wilsingen.de\/index.php\/2017\/05\/31\/neue-homepage-online\/\" class=\"sh-overlay-item sh-table-cell\" title=\"Open the article - Neue Homepage online!!!\">\r\n                        <div class=\"sh-overlay-item-container\">\r\n                            <i class=\"icon-link\"><\/i>\r\n                        <\/div>\r\n                    <\/a>\r\n                \r\n                                    <a href=\"http:\/\/dev.firestones-wilsingen.de\/wp-content\/uploads\/2017\/05\/Homepage-1-1024x593.jpg\" class=\"sh-overlay-item sh-table-cell\" data-rel=\"lightcase\">\r\n                        <div class=\"sh-overlay-item-container\">\r\n                            <i class=\"icon-magnifier-add\"><\/i>\r\n                        <\/div>\r\n                    <\/a>\r\n                            <\/div>\r\n        <\/div>\r\n\r\n    \t\t\t<\/div>\r\n\r\n\t\t\t<div class=\"post-content-container\">\r\n\t\t\t\t<a href=\"http:\/\/dev.firestones-wilsingen.de\/index.php\/2017\/05\/31\/neue-homepage-online\/\" class=\"post-title\">\r\n\t\t\t\t\t<h2 itemprop=\"headline\">\r\n\t\t\t\t\t\t\t\t\t\t\t\tNeue Homepage online!!!\t\t\t\t\t<\/h2>\r\n\t\t\t\t<\/a>\r\n\r\n\t\t\t\t<div class=\"post-meta post-meta-one\">\r\n\t\t\t\t\t\r\n        <span class=\"post-meta-author\">\r\n            by            <a href=\"http:\/\/dev.firestones-wilsingen.de\/index.php\/author\/admin\/\" class=\"bypostauthor\" itemprop=\"url\" rel=\"author\">\r\n                admin            <\/a>\r\n        <\/span>\r\n\r\n                    <time class=\"updated semantic\" itemprop=\"dateModified\" datetime=\"2017-06-16T20:33:43+00:00\"><\/time>\r\n            <a href=\"http:\/\/dev.firestones-wilsingen.de\/index.php\/2017\/05\/31\/neue-homepage-online\/\" class=\"post-meta-date sh-default-color\">Mai 31, 2017<\/a>\r\n        \r\n    \t\t\t\t<\/div>\r\n\r\n\t\t\t\t<div class=\"post-content\" itemprop=\"text\">\r\n\t\t\t\t\t<p>Neue Hompage ist online!!!\u00a0 Wir begr\u00fc\u00dfen euch zu unserem neuen Webauftritt! Unsere Beachparty steht unmittelbar vor der T\u00fcr. P\u00fcnktlich hierzu starten wir mit einer neuen Webpr\u00e4senz in einem neuen Look&amp;Feel. Hier erhaltet ihr stets Neuigkeiten rund um unseren Club, unser Clubheim, sowie zu bevorstehenden Events!&#8230;<\/p>\n\t\t\t\t<\/div>\r\n\r\n\t\t\t\t<div class=\"post-meta post-meta-two\">\r\n\t\t\t\t\t\r\n        <div class=\"sh-columns post-meta-comments\">\r\n            <span class=\"post-meta-categories\">\r\n                <i class=\"icon-tag\"><\/i>\r\n                <a href=\"http:\/\/dev.firestones-wilsingen.de\/index.php\/category\/news\/\" rel=\"category tag\">News<\/a>            <\/span>\r\n\r\n                            <div><\/div>\r\n                    <\/div>\r\n\r\n    \t\t\t\t<\/div>\r\n\t\t\t<\/div>\r\n\r\n\t\t<\/div>\r\n\t<\/article>\r\n\r\n\r\n\r\n\t<article id=\"post-1694\" class=\"post-item post-1694 post type-post status-publish format-standard has-post-thumbnail hentry category-news\" itemscope=\"itemscope\" itemtype=\"http:\/\/schema.org\/Article\">\r\n\t\t<div class=\"post-container\">\r\n\t\t\t<span class=\"sh-popover-mini\">Hot<\/span>\r\n\t\t\t<div class=\"post-meta-thumb\">\r\n\t\t\t\t\r\n\t\t\t\t\t\t\t\t\t<img width=\"1024\" height=\"576\" src=\"http:\/\/dev.firestones-wilsingen.de\/wp-content\/uploads\/2017\/05\/Blog-1024x576.jpg\" class=\"attachment-large size-large wp-post-image\" alt=\"\" decoding=\"async\" loading=\"lazy\" srcset=\"http:\/\/dev.firestones-wilsingen.de\/wp-content\/uploads\/2017\/05\/Blog.jpg 1024w, http:\/\/dev.firestones-wilsingen.de\/wp-content\/uploads\/2017\/05\/Blog-300x169.jpg 300w, http:\/\/dev.firestones-wilsingen.de\/wp-content\/uploads\/2017\/05\/Blog-768x432.jpg 768w\" sizes=\"(max-width: 1024px) 100vw, 1024px\" \/>\t\t\t\t\r\n\t\t\t\t\r\n        <div class=\"sh-overlay-style1\">\r\n            <div class=\"sh-table-full\">\r\n                                    <a href=\"http:\/\/dev.firestones-wilsingen.de\/index.php\/2017\/05\/01\/operation-maibaum\/\" class=\"sh-overlay-item sh-table-cell\" title=\"Open the article - Maibaum\">\r\n                        <div class=\"sh-overlay-item-container\">\r\n                            <i class=\"icon-link\"><\/i>\r\n                        <\/div>\r\n                    <\/a>\r\n                \r\n                                    <a href=\"http:\/\/dev.firestones-wilsingen.de\/wp-content\/uploads\/2017\/05\/Blog-1024x576.jpg\" class=\"sh-overlay-item sh-table-cell\" data-rel=\"lightcase\">\r\n                        <div class=\"sh-overlay-item-container\">\r\n                            <i class=\"icon-magnifier-add\"><\/i>\r\n                        <\/div>\r\n                    <\/a>\r\n                            <\/div>\r\n        <\/div>\r\n\r\n    \t\t\t<\/div>\r\n\r\n\t\t\t<div class=\"post-content-container\">\r\n\t\t\t\t<a href=\"http:\/\/dev.firestones-wilsingen.de\/index.php\/2017\/05\/01\/operation-maibaum\/\" class=\"post-title\">\r\n\t\t\t\t\t<h2 itemprop=\"headline\">\r\n\t\t\t\t\t\t\t\t\t\t\t\tMaibaum\t\t\t\t\t<\/h2>\r\n\t\t\t\t<\/a>\r\n\r\n\t\t\t\t<div class=\"post-meta post-meta-one\">\r\n\t\t\t\t\t\r\n        <span class=\"post-meta-author\">\r\n            by            <a href=\"http:\/\/dev.firestones-wilsingen.de\/index.php\/author\/admin\/\" class=\"bypostauthor\" itemprop=\"url\" rel=\"author\">\r\n                admin            <\/a>\r\n        <\/span>\r\n\r\n                    <time class=\"updated semantic\" itemprop=\"dateModified\" datetime=\"2017-06-16T20:31:55+00:00\"><\/time>\r\n            <a href=\"http:\/\/dev.firestones-wilsingen.de\/index.php\/2017\/05\/01\/operation-maibaum\/\" class=\"post-meta-date sh-default-color\">Mai 1, 2017<\/a>\r\n        \r\n    \t\t\t\t<\/div>\r\n\r\n\t\t\t\t<div class=\"post-content\" itemprop=\"text\">\r\n\t\t\t\t\t<p>Operation Maibaum ist wieder erfolgreich gegl\u00fcckt. P\u00fcnktlich in der Nacht vom 30. April auf den 01. Mai wurde unser Maibaum gestellt und hat diese (im Vergleich zu den Nachbargemeinden) auch erfolgreich \u00fcberstanden.<\/p>\n\t\t\t\t<\/div>\r\n\r\n\t\t\t\t<div class=\"post-meta post-meta-two\">\r\n\t\t\t\t\t\r\n        <div class=\"sh-columns post-meta-comments\">\r\n            <span class=\"post-meta-categories\">\r\n                <i class=\"icon-tag\"><\/i>\r\n                <a href=\"http:\/\/dev.firestones-wilsingen.de\/index.php\/category\/news\/\" rel=\"category tag\">News<\/a>            <\/span>\r\n\r\n                            <div><\/div>\r\n                    <\/div>\r\n\r\n    \t\t\t\t<\/div>\r\n\t\t\t<\/div>\r\n\r\n\t\t<\/div>\r\n\t<\/article>\r\n\r\n\r\n\t<\/div>\r\n\r\n\t<\/div>\r\n\t<\/div>\r\n\r\n\r\n\t\t\r\n\r\n<\/div>\r\n<\/div>\n\n\t<\/div>\r\n<\/section>\r\n\n","protected":false},"excerpt":{"rendered":"<p>Operation Maibaum ist wieder erfolgreich gegl\u00fcckt. P\u00fcnktlich in der Nacht vom 30. April auf den 01. Mai wurde unser Maibaum gestellt und hat diese (im Vergleich zu den Nachbargemeinden) auch erfolgreich \u00fcberstanden.<\/p>\n","protected":false},"author":1,"featured_media":0,"parent":414,"menu_order":0,"comment_status":"closed","ping_status":"closed","template":"","meta":[],"_links":{"self":[{"href":"http:\/\/dev.firestones-wilsingen.de\/index.php\/wp-json\/wp\/v2\/pages\/114"}],"collection":[{"href":"http:\/\/dev.firestones-wilsingen.de\/index.php\/wp-json\/wp\/v2\/pages"}],"about":[{"href":"http:\/\/dev.firestones-wilsingen.de\/index.php\/wp-json\/wp\/v2\/types\/page"}],"author":[{"embeddable":true,"href":"http:\/\/dev.firestones-wilsingen.de\/index.php\/wp-json\/wp\/v2\/users\/1"}],"replies":[{"embeddable":true,"href":"http:\/\/dev.firestones-wilsingen.de\/index.php\/wp-json\/wp\/v2\/comments?post=114"}],"version-history":[{"count":13,"href":"http:\/\/dev.firestones-wilsingen.de\/index.php\/wp-json\/wp\/v2\/pages\/114\/revisions"}],"predecessor-version":[{"id":1704,"href":"http:\/\/dev.firestones-wilsingen.de\/index.php\/wp-json\/wp\/v2\/pages\/114\/revisions\/1704"}],"up":[{"embeddable":true,"href":"http:\/\/dev.firestones-wilsingen.de\/index.php\/wp-json\/wp\/v2\/pages\/414"}],"wp:attachment":[{"href":"http:\/\/dev.firestones-wilsingen.de\/index.php\/wp-json\/wp\/v2\/media?parent=114"}],"curies":[{"name":"wp","href":"https:\/\/api.w.org\/{rel}","templated":true}]}}