{"id":1783,"date":"2017-06-01T15:35:08","date_gmt":"2017-06-01T13:35:08","guid":{"rendered":"http:\/\/dev.firestones-wilsingen.de\/?page_id=1783"},"modified":"2017-06-16T23:10:24","modified_gmt":"2017-06-16T21:10:24","slug":"impressum","status":"publish","type":"page","link":"http:\/\/dev.firestones-wilsingen.de\/index.php\/impressum\/","title":{"rendered":"Impressum"},"content":{"rendered":"\r\n<section class=\"sh-section sh-section-07ebf20dce195ecd934241e49644755d fw-main-row sh-section-visibility-everywhere\">\r\n\t\r\n\t\r\n\t<div class=\"sh-section-container container-fluid\">\r\n\t\t<div class=\"fw-row\">\n\t\r\n<div class=\"sh-column sh-column-b1cce02a6c47f6825cbf3e7d86222e05 fw-col-xs-12\" >\r\n\r\n\t\r\n\t<div class=\"sh-column-wrapper\">\r\n\t\t\r\n<div class=\"sh-empty-space\" id=\"empty-space-872eac7f7a02f6eb431298092498d71e\"><\/div>\r\n\r\n<div id=\"text-block-09adfa10bbeffadf13876aee9957bf86\" class=\"sh-text-block\">\r\n\t<h2>Impressum<\/h2><div>Angaben gem\u00e4\u00df \u00a7 5 TMG:<\/div><div>Firestones - Wilsingen e.V.<\/div><div>Br\u00fchlweg 8<\/div><div>72818 Trochtelfingen - Wilsingen<\/div><div><\/div><div>Vertreten durch:<\/div><p>Vorstand<br \/><a href=\"mailto:martin.sontheimer@firestones-wilsingen.de\">Martin Sontheimer<\/a><\/p><p>Webmaster<br \/><a href=\"mailto:admin@firestones-wilsingen.de\">Michael Schenzle<\/a><\/p><div>Wir sind nicht bereit oder verpflichtet, an Streitbeilegungsverfahren vor einer Verbraucherschlichtungsstelle teilzunehmen.<\/div><\/div>\r\n\r\n<div class=\"sh-empty-space\" id=\"empty-space-aa80f18ab15e9cf073d7f08a44ccaae8\"><\/div>\r\n\r\n<div id=\"text-block-28b4b708098acf4060672af4aab68ac6\" class=\"sh-text-block\">\r\n\t<h2>Haftung f\u00fcr Inhalte<\/h2><div>Als Diensteanbieter sind wir gem\u00e4\u00df \u00a7 7 Abs.1 TMG f\u00fcr eigene Inhalte auf diesen Seiten nach den<\/div><div>allgemeinen Gesetzen verantwortlich. Nach \u00a7\u00a7 8 bis 10 TMG sind wir als Diensteanbieter jedoch nicht<\/div><div>verpflichtet, \u00fcbermittelte oder gespeicherte fremde Informationen zu \u00fcberwachen oder nach Umst\u00e4nden<\/div><div>zu forschen, die auf eine rechtswidrige T\u00e4tigkeit hinweisen.<\/div><div>Verpflichtungen zur Entfernung oder Sperrung der Nutzung von Informationen nach den allgemeinen<\/div><div>Gesetzen bleiben hiervon unber\u00fchrt. Eine diesbez\u00fcgliche Haftung ist jedoch erst ab dem Zeitpunkt der<\/div><div>Kenntnis einer konkreten Rechtsverletzung m\u00f6glich. Bei Bekanntwerden von entsprechenden<\/div><div>Rechtsverletzungen werden wir diese Inhalte umgehend entfernen.<\/div><\/div>\r\n\r\n<div class=\"sh-empty-space\" id=\"empty-space-6964590f60cb5c1cff16b5df7df4cf07\"><\/div>\r\n\r\n<div id=\"text-block-98ab7e1ae9a1f18c748a2967ac29f936\" class=\"sh-text-block\">\r\n\t<h2>Haftung f\u00fcr Links<\/h2><div id=\"pageContainer2\" class=\"page\" data-page-number=\"2\" data-loaded=\"true\">Unser Angebot enth\u00e4lt Links zu externen Webseiten Dritter, auf deren Inhalte wir keinen Einfluss haben.<\/div><div>Deshalb k\u00f6nnen wir f\u00fcr diese fremden Inhalte auch keine Gew\u00e4hr \u00fcbernehmen. F\u00fcr die Inhalte der<\/div><div>verlinkten Seiten ist stets der jeweilige Anbieter oder Betreiber der Seiten verantwortlich. Die verlinkten<\/div><div>Seiten wurden zum Zeitpunkt der Verlinkung auf m\u00f6gliche Rechtsverst\u00f6\u00dfe \u00fcberpr\u00fcft. Rechtswidrige<\/div><div>Inhalte waren zum Zeitpunkt der Verlinkung nicht erkennbar.<\/div><div>Eine permanente inhaltliche Kontrolle der verlinkten Seiten ist jedoch ohne konkrete Anhaltspunkte einer<\/div><div>Rechtsverletzung nicht zumutbar. Bei Bekanntwerden von Rechtsverletzungen werden wir derartige Links<\/div><div>umgehend entfernen.<\/div><\/div>\r\n\r\n<div class=\"sh-empty-space\" id=\"empty-space-f0c202917f5823cacc1ab585314bc1d5\"><\/div>\r\n\r\n<div id=\"text-block-c4c0704ddfd3c8097c2f844b0e6f0a72\" class=\"sh-text-block\">\r\n\t<h2>Urheberrecht<\/h2><div>Die durch die Seitenbetreiber erstellten Inhalte und Werke auf diesen Seiten unterliegen dem deutschen<\/div><div>Urheberrecht. Die Vervielf\u00e4ltigung, Bearbeitung, Verbreitung und jede Art der Verwertung au\u00dferhalb der<\/div><div>Grenzen des Urheberrechtes bed\u00fcrfen der schriftlichen Zustimmung des jeweiligen Autors bzw.<\/div><div>Erstellers. Downloads und Kopien dieser Seite sind nur f\u00fcr den privaten, nicht kommerziellen Gebrauch<\/div><div>gestattet.<\/div><div>Soweit die Inhalte auf dieser Seite nicht vom Betreiber erstellt wurden, werden die Urheberrechte Dritter<\/div><div>beachtet. Insbesondere werden Inhalte Dritter als solche gekennzeichnet. Sollten Sie trotzdem auf eine<\/div><div>Urheberrechtsverletzung aufmerksam werden, bitten wir um einen entsprechenden Hinweis. Bei<\/div><div>Bekanntwerden von Rechtsverletzungen werden wir derartige Inhalte umgehend entfernen.<\/div><p><\/br><\/p><div>\u00a9 2017 - Firestones-Wilsingen e.V.<\/div><\/div>\r\n\t<\/div>\r\n\r\n\r\n\t\t\r\n\r\n<\/div>\r\n<\/div>\n\n\t<\/div>\r\n<\/section>\r\n\n","protected":false},"excerpt":{"rendered":"<p>ImpressumAngaben gem\u00e4\u00df \u00a7 5 TMG:Firestones &#8211; Wilsingen e.V.Br\u00fchlweg 872818 Trochtelfingen &#8211; WilsingenVertreten durch:VorstandMartin SontheimerWebmasterMichael SchenzleWir sind nicht bereit oder verpflichtet, an Streitbeilegungsverfahren vor einer Verbraucherschlichtungsstelle teilzunehmen. Haftung f\u00fcr InhalteAls Diensteanbieter sind wir gem\u00e4\u00df \u00a7 7 Abs.1 TMG f\u00fcr eigene Inhalte auf diesen Seiten nach denallgemeinen&#8230;<\/p>\n","protected":false},"author":1,"featured_media":0,"parent":0,"menu_order":0,"comment_status":"closed","ping_status":"closed","template":"","meta":[],"_links":{"self":[{"href":"http:\/\/dev.firestones-wilsingen.de\/index.php\/wp-json\/wp\/v2\/pages\/1783"}],"collection":[{"href":"http:\/\/dev.firestones-wilsingen.de\/index.php\/wp-json\/wp\/v2\/pages"}],"about":[{"href":"http:\/\/dev.firestones-wilsingen.de\/index.php\/wp-json\/wp\/v2\/types\/page"}],"author":[{"embeddable":true,"href":"http:\/\/dev.firestones-wilsingen.de\/index.php\/wp-json\/wp\/v2\/users\/1"}],"replies":[{"embeddable":true,"href":"http:\/\/dev.firestones-wilsingen.de\/index.php\/wp-json\/wp\/v2\/comments?post=1783"}],"version-history":[{"count":26,"href":"http:\/\/dev.firestones-wilsingen.de\/index.php\/wp-json\/wp\/v2\/pages\/1783\/revisions"}],"predecessor-version":[{"id":4393,"href":"http:\/\/dev.firestones-wilsingen.de\/index.php\/wp-json\/wp\/v2\/pages\/1783\/revisions\/4393"}],"wp:attachment":[{"href":"http:\/\/dev.firestones-wilsingen.de\/index.php\/wp-json\/wp\/v2\/media?parent=1783"}],"curies":[{"name":"wp","href":"https:\/\/api.w.org\/{rel}","templated":true}]}}