{"id":414,"date":"2017-05-11T12:01:48","date_gmt":"2017-05-11T10:01:48","guid":{"rendered":"http:\/\/dev.firestones-wilsingen.de\/?page_id=414"},"modified":"2017-06-16T22:46:08","modified_gmt":"2017-06-16T20:46:08","slug":"unser-verein","status":"publish","type":"page","link":"http:\/\/dev.firestones-wilsingen.de\/index.php\/unser-verein\/","title":{"rendered":"Unser Verein"},"content":{"rendered":"<section class=\"sh-section sh-section-aef3b20b3dfc9fb27e9348fd6d0ed858 fw-main-row sh-section-visibility-everywhere\">\r\n\t\r\n\t\r\n\t<div class=\"sh-section-container container\">\r\n\t\t<div class=\"fw-row\">\n\t\r\n<div class=\"sh-column sh-column-4754b352d62f06d5dc961050f4291f86 fw-col-xs-12\" >\r\n\r\n\t\r\n\t<div class=\"sh-column-wrapper\">\r\n\t\t\r\n<div class=\"sh-revslider\" id=\"revslider-6b8dd5f7645a1296141dc8528b3a9b1a\">\r\n\t\n\t\t\t<!-- START Unser Verein REVOLUTION SLIDER 6.6.12 --><p class=\"rs-p-wp-fix\"><\/p>\n\t\t\t<rs-module-wrap id=\"rev_slider_22_1_wrapper\" data-source=\"gallery\" style=\"visibility:hidden;background:transparent;padding:0;\">\n\t\t\t\t<rs-module id=\"rev_slider_22_1\" style=\"\" data-version=\"6.6.12\">\n\t\t\t\t\t<rs-slides style=\"overflow: hidden; position: absolute;\">\n\t\t\t\t\t\t<rs-slide style=\"position: absolute;\" data-key=\"rs-90\" data-title=\"Slide\" data-anim=\"adpr:false;\">\n\t\t\t\t\t\t\t<img src=\"\/\/dev.firestones-wilsingen.de\/wp-content\/plugins\/revslider\/public\/assets\/assets\/dummy.png\" alt=\"\" title=\"Unser Verein\" class=\"rev-slidebg tp-rs-img rs-lazyload\" data-lazyload=\"\/\/dev.firestones-wilsingen.de\/wp-content\/uploads\/2017\/05\/Gruppenbild_2016.jpg\" data-no-retina>\n<!--\n\t\t\t\t\t\t\t--><rs-layer\n\t\t\t\t\t\t\t\tid=\"slider-22-slide-90-layer-1\" \n\t\t\t\t\t\t\t\tdata-type=\"text\"\n\t\t\t\t\t\t\t\tdata-color=\"#000000\"\n\t\t\t\t\t\t\t\tdata-rsp_ch=\"on\"\n\t\t\t\t\t\t\t\tdata-xy=\"xo:-93px,-93px,1px,1px;yo:56px,56px,70px,70px;\"\n\t\t\t\t\t\t\t\tdata-text=\"s:50,50,30,26;l:50;a:inherit;\"\n\t\t\t\t\t\t\t\tdata-dim=\"w:auto,auto,448px,448px;\"\n\t\t\t\t\t\t\t\tdata-frame_0=\"o:1;tp:600;\"\n\t\t\t\t\t\t\t\tdata-frame_0_chars=\"d:5;y:-100%;o:1;rZ:35deg;\"\n\t\t\t\t\t\t\t\tdata-frame_0_mask=\"u:t;\"\n\t\t\t\t\t\t\t\tdata-frame_1=\"tp:600;e:power4.inOut;st:0;sp:2000;\"\n\t\t\t\t\t\t\t\tdata-frame_1_chars=\"d:5;\"\n\t\t\t\t\t\t\t\tdata-frame_1_mask=\"u:t;\"\n\t\t\t\t\t\t\t\tdata-frame_999=\"o:0;tp:600;e:nothing;st:w;sR:5700;\"\n\t\t\t\t\t\t\t\tstyle=\"z-index:5;font-family:'Indie Flower';\"\n\t\t\t\t\t\t\t>WIR SIND MEHR ALS EIN JUGENDCLUB \n\t\t\t\t\t\t\t<\/rs-layer><!--\n\n\t\t\t\t\t\t\t--><rs-layer\n\t\t\t\t\t\t\t\tid=\"slider-22-slide-90-layer-2\" \n\t\t\t\t\t\t\t\tdata-type=\"text\"\n\t\t\t\t\t\t\t\tdata-color=\"#000000\"\n\t\t\t\t\t\t\t\tdata-rsp_ch=\"on\"\n\t\t\t\t\t\t\t\tdata-xy=\"xo:301px,301px,411px,241px;yo:148px,148px,146px,143px;\"\n\t\t\t\t\t\t\t\tdata-text=\"s:50,50,30,26;l:50;a:inherit;\"\n\t\t\t\t\t\t\t\tdata-frame_0=\"o:1;tp:600;\"\n\t\t\t\t\t\t\t\tdata-frame_0_chars=\"d:5;y:-100%;o:1;rZ:35deg;\"\n\t\t\t\t\t\t\t\tdata-frame_0_mask=\"u:t;\"\n\t\t\t\t\t\t\t\tdata-frame_1=\"tp:600;e:power4.inOut;st:1940;sp:2000;sR:1940;\"\n\t\t\t\t\t\t\t\tdata-frame_1_chars=\"d:5;\"\n\t\t\t\t\t\t\t\tdata-frame_1_mask=\"u:t;\"\n\t\t\t\t\t\t\t\tdata-frame_999=\"o:0;tp:600;e:nothing;st:w;sR:4010;\"\n\t\t\t\t\t\t\t\tstyle=\"z-index:6;font-family:'Indie Flower';\"\n\t\t\t\t\t\t\t>EIN VEREIN STELLT SICH VOR \n\t\t\t\t\t\t\t<\/rs-layer><!--\n-->\t\t\t\t\t\t<\/rs-slide>\n\t\t\t\t\t<\/rs-slides>\n\t\t\t\t<\/rs-module>\n\t\t\t\t<script>\n\t\t\t\t\tsetREVStartSize({c: 'rev_slider_22_1',rl:[1240,1240,778,480],el:[],gw:[1240,1240,778,560],gh:[868,868,960,950],type:'hero',justify:'',layout:'fullscreen',offsetContainer:'#wpadminbar, .sh-window-line.line-bottom, .sh-window-line.line-top,.primary-desktop',offset:'',mh:\"0\"});if (window.RS_MODULES!==undefined && window.RS_MODULES.modules!==undefined && window.RS_MODULES.modules[\"revslider221\"]!==undefined) {window.RS_MODULES.modules[\"revslider221\"].once = false;window.revapi22 = undefined;if (window.RS_MODULES.checkMinimal!==undefined) window.RS_MODULES.checkMinimal()}\n\t\t\t\t<\/script>\n\t\t\t<\/rs-module-wrap>\n\t\t\t<!-- END REVOLUTION SLIDER -->\n<\/div>\r\n\t<\/div>\r\n\r\n\r\n\t\t\r\n\r\n<\/div>\r\n<\/div>\n\n\t<\/div>\r\n<\/section>\r\n\r\n<section class=\"sh-section sh-section-936757bcb514fdf511a6fd898ddd883a fw-main-row sh-section-visibility-everywhere\">\r\n\t\r\n\t\r\n\t<div class=\"sh-section-container container-fluid\">\r\n\t\t<div class=\"fw-row\">\n\t\r\n<div class=\"sh-column sh-column-5b22c5dacf61d07ef36bb593eb0a5c78 fw-col-xs-12\" >\r\n\r\n\t\r\n\t<div class=\"sh-column-wrapper\">\r\n\t\t\r\n<div id=\"divider-f69ab7350114f5e2576f274ab2d1bc44\" class=\"sh-divider sh-divider-left sh-divider-content-none\">\r\n\t\t\t<div class=\"sh-divider-line\"><\/div>\r\n\t<\/div>\r\n\t<\/div>\r\n\r\n\r\n\t\t\r\n\r\n<\/div>\r\n<\/div>\n\n\t<\/div>\r\n<\/section>\r\n\r\n<section class=\"sh-section sh-section-3195c32316ce1cdffbe18857c16ce791 fw-main-row sh-section-visibility-everywhere\">\r\n\t\r\n\t\r\n\t<div class=\"sh-section-container container-fluid\">\r\n\t\t<div class=\"fw-row\">\n\t\r\n<div class=\"sh-column sh-column-5b22c5dacf61d07ef36bb593eb0a5c78 fw-col-xs-12\" >\r\n\r\n\t\r\n\t<div class=\"sh-column-wrapper\">\r\n\t\t\r\n<script>\r\njQuery(document).ready(function ($) {\r\n\tif( typeof Typed !== 'undefined' ) {\r\n\t\tvar typed = new Typed(\"#heading-animated-04fefb068b8b694c93854d1f2f33b8e8 .sh-heading-animated-typed\", {\r\n\t\t\tstrings: [\"Die Firestones Wilsingen e.V. 1984\",\"\", ],\r\n\t\t\tcontentType: 'html',\r\n\t\t\ttypeSpeed: 0,\r\n\t\t\tloop: true,\r\n\t\t\tstartDelay: 300,\r\n\t\t\ttypeSpeed: 80,\r\n\t\t\tbackSpeed: 20,\r\n\t\t\tbackDelay: 700,\r\n\t\t});\r\n\t}\r\n});\r\n<\/script>\r\n\r\n<div class=\"sh-heading\" id=\"heading-animated-04fefb068b8b694c93854d1f2f33b8e8\">\r\n\t<h1 class=\"sh-heading-content size-xl sh-heading-animated-content\">\r\n\t\t\r\n\t\t<span class=\"sh-heading-animated-typed\"><\/span>\r\n\t<\/h1>\r\n<\/div>\r\n\t<\/div>\r\n\r\n\r\n\t\t\r\n\r\n<\/div>\r\n<\/div>\n\n<div class=\"fw-row\">\n\t\r\n<div class=\"sh-column sh-column-12cc203838971384fcb02af72d1f71f7 fw-col-xs-12\" >\r\n\r\n\t\r\n\t<div class=\"sh-column-wrapper\">\r\n\t\t\r\n<div class=\"sh-iconbox-slider sh-iconbox-slider-dynamic\" id=\"iconbox-slider-e0e9f008381fede6aa8ca456d13e5770\">\r\n\r\n\t<div class=\"sh-iconbox-slider-content\" id=\"iconbox-slider-content-e0e9f008381fede6aa8ca456d13e5770\">\r\n\t\t\t\t\t<div class=\"sh-iconbox-slider-item\" style=\"background-image: url( \/\/dev.firestones-wilsingen.de\/wp-content\/uploads\/2017\/05\/Gruppenbild_20141.jpg );\">\r\n\t\t\t\t<div class=\"sh-iconbox-slider-item-content\">\r\n\t\t\t\t\t<div class=\"container\">\r\n\t\t\t\t\t\t<div class=\"sh-iconbox-slider-item-content-container\">\r\n\t\t\t\t\t\t\t<h3 style=\"text-align: center;\">Wir, die Firestones Wilsingen e.V. 1984, freuen uns sehr, dass Du den Weg auf unsere\u00a0Homepage gefunden hast. Auf unserer\u00a0Website findest Du einiges an Infomaterial \u00fcber unseren Verein und unser Engagement in der \u00d6ffentlichkeit sowie Informationen \u00fcber unser j\u00e4hrliches Beachevent (Beachparty, Beachturnier) und noch vieles mehr.<\/h3><h3 style=\"text-align: center;\">Zweck unseres Vereins ist die F\u00f6rderung der Jugend in der \u00d6ffentlichkeit. Der Jugendclub ist ein sozial orientierter\/ engagierter\u00a0Verein; er dient prim\u00e4r keinen eigenwirtschaftlichen Zwecken.<\/h3>\t\t\t\t\t\t<\/div>\r\n\t\t\t\t\t<\/div>\r\n\t\t\t\t<\/div>\r\n\t\t\t<\/div>\r\n\t\t\t\t\t<div class=\"sh-iconbox-slider-item\" style=\"background-image: url( \/\/dev.firestones-wilsingen.de\/wp-content\/uploads\/2017\/05\/Gruppenbild_20161.jpg );\">\r\n\t\t\t\t<div class=\"sh-iconbox-slider-item-content\">\r\n\t\t\t\t\t<div class=\"container\">\r\n\t\t\t\t\t\t<div class=\"sh-iconbox-slider-item-content-container\">\r\n\t\t\t\t\t\t\t<h2><strong>62 aktive sowie 12 Probemitglieder<\/strong> (Stand 01.03.2017) tragen zu einem positiven Wertbeitrag in unserer Gesellschaft bei.<\/h2><h3>Trotz des demografischen Wandels k\u00f6nnen wir immer wieder neue Jugendliche f\u00fcr unseren Verein begeistern und sind f\u00fcr die Zukunft bestens aufgestellt.<\/h3>\t\t\t\t\t\t<\/div>\r\n\t\t\t\t\t<\/div>\r\n\t\t\t\t<\/div>\r\n\t\t\t<\/div>\r\n\t\t\t\t\t<div class=\"sh-iconbox-slider-item\" style=\"background-image: url( \/\/dev.firestones-wilsingen.de\/wp-content\/uploads\/2017\/05\/UnserVerein_Party.jpg );\">\r\n\t\t\t\t<div class=\"sh-iconbox-slider-item-content\">\r\n\t\t\t\t\t<div class=\"container\">\r\n\t\t\t\t\t\t<div class=\"sh-iconbox-slider-item-content-container\">\r\n\t\t\t\t\t\t\t<h2>Unser Beachevent, das jedes Jahr vor den Sommerferien knapp 1400 Jugendliche aus der gesamten Region anzieht, hat sich als unser Hauptevent etabliert.<\/h2><h2><\/h2><h2>Ein bayrischer Abend, Clubhausparties, Geburtstage und Spontanparties runden das Vereinsjahr ab und tragen zu einem abwechslungsreichen Vereinsleben bei.<\/h2>\t\t\t\t\t\t<\/div>\r\n\t\t\t\t\t<\/div>\r\n\t\t\t\t<\/div>\r\n\t\t\t<\/div>\r\n\t\t\t<\/div>\r\n\r\n\t<div class=\"container\">\r\n\t\t<div class=\"sh-iconbox-slider-tabs sh-iconbox-slider-lock\" id=\"iconbox-slider-tabs-e0e9f008381fede6aa8ca456d13e5770\">\r\n\t\t\t\t\t\t\t<div class=\"sh-iconbox-slider-tab\">\r\n\r\n\t\t\t\t\t<div class=\"sh-iconbox-slider-tab-container\">\r\n\t\t\t\t\t\t<div class=\"sh-iconbox-slider-tab-content\">\r\n\t\t\t\t\t\t\t<i class=\"icon-info\"><\/i>\r\n\t\t\t\t\t\t\t<h5>Allgemeine Informationen<\/h5>\r\n\t\t\t\t\t\t<\/div>\r\n\t\t\t\t\t\t<i class=\"sh-iconbox-slider-tab-icon icon-info\"><\/i>\r\n\t\t\t\t\t<\/div>\r\n\r\n\t\t\t\t<\/div>\r\n\t\t\t\t\t\t\t<div class=\"sh-iconbox-slider-tab\">\r\n\r\n\t\t\t\t\t<div class=\"sh-iconbox-slider-tab-container\">\r\n\t\t\t\t\t\t<div class=\"sh-iconbox-slider-tab-content\">\r\n\t\t\t\t\t\t\t<i class=\"icon-people\"><\/i>\r\n\t\t\t\t\t\t\t<h5>Mitglieder<\/h5>\r\n\t\t\t\t\t\t<\/div>\r\n\t\t\t\t\t\t<i class=\"sh-iconbox-slider-tab-icon icon-people\"><\/i>\r\n\t\t\t\t\t<\/div>\r\n\r\n\t\t\t\t<\/div>\r\n\t\t\t\t\t\t\t<div class=\"sh-iconbox-slider-tab\">\r\n\r\n\t\t\t\t\t<div class=\"sh-iconbox-slider-tab-container\">\r\n\t\t\t\t\t\t<div class=\"sh-iconbox-slider-tab-content\">\r\n\t\t\t\t\t\t\t<i class=\"fa fa-beer\"><\/i>\r\n\t\t\t\t\t\t\t<h5>Parties<\/h5>\r\n\t\t\t\t\t\t<\/div>\r\n\t\t\t\t\t\t<i class=\"sh-iconbox-slider-tab-icon fa fa-beer\"><\/i>\r\n\t\t\t\t\t<\/div>\r\n\r\n\t\t\t\t<\/div>\r\n\t\t\t\t\t<\/div>\r\n\t<\/div>\r\n\r\n\t<script type=\"text\/javascript\">\r\n\t\tjQuery(document).ready(function($){\r\n\t\t\t$('#iconbox-slider-content-e0e9f008381fede6aa8ca456d13e5770').slick({\r\n\t\t\t\tslidesToShow: 1,\r\n\t\t\t\tslidesToScroll: 1,\r\n\t\t\t\tarrows: false,\r\n\t\t\t\tfade: true,\r\n\t\t\t\tasNavFor: '#iconbox-slider-tabs-e0e9f008381fede6aa8ca456d13e5770',\r\n\t\t        prevArrow: '<button type=\"button\" class=\"slick-prev\"><span class=\"ti-angle-left\"><\/span><\/button>',\r\n\t\t        nextArrow: '<button type=\"button\" class=\"slick-next\"><span class=\"ti-angle-right\"><\/span><\/button>',\r\n\t\t\t\tautoplay: false,\r\n\t\t\t\tautoplaySpeed: 6000,\r\n\t\t\t});\r\n\t\t\t$('#iconbox-slider-tabs-e0e9f008381fede6aa8ca456d13e5770').slick({\r\n\t\t\t\taccessibility: false,\r\n\t\t\t\tslidesToShow: 3,\r\n\t\t\t\tslidesToScroll: 1,\r\n\t\t\t\tasNavFor: '#iconbox-slider-content-e0e9f008381fede6aa8ca456d13e5770',\r\n\t\t\t\tarrows: false,\r\n\t\t\t\tdots: false,\r\n\t\t\t\tcenterMode: false,\r\n\t\t\t\tfocusOnSelect: true,\r\n\t\t\t\tresponsive: [\r\n\t\t\t\t\t{\r\n\t\t\t\t\t\tbreakpoint: 1000,\r\n\t\t\t\t\t\tsettings: {\r\n\t\t\t\t\t\t\tslidesToShow: 3,\r\n\t\t\t\t\t\t}\r\n\t\t\t\t\t},\r\n\t\t\t\t\t{\r\n\t\t\t\t\t\tbreakpoint: 600,\r\n\t\t\t\t\t\tsettings: {\r\n\t\t\t\t\t\t\tslidesToShow: 2\t\t\t\t\t\t}\r\n\t\t\t\t\t}\r\n\t\t\t\t]\r\n\t\t\t});\r\n\t\t});\r\n\t<\/script>\r\n\r\n<\/div>\r\n\r\n<div class=\"sh-empty-space\" id=\"empty-space-9ef9f954f79e6cf91173e73947d15c5c\"><\/div>\r\n\t<\/div>\r\n\r\n\r\n\t\t\r\n\r\n<\/div>\r\n<\/div>\n\n\t<\/div>\r\n<\/section>\r\n\r\n<section class=\"sh-section sh-section-97b5815416ea65c4cd8902bbd525c573 fw-main-row sh-section-visibility-everywhere\">\r\n\t\r\n\t\t\t<script type=\"text\/javascript\">\r\n\t\t\tjQuery(document).ready(function($) {\r\n\t\t\t\t\r\n\t\t\t\t\tif( $(window).width() >= 800 ) {\r\n\t\t\t\t\t\tif( document.documentMode || \/Edge\/.test(navigator.userAgent) ) {\r\n\t\t\t\t\t\t\t$('.sh-section-97b5815416ea65c4cd8902bbd525c573').css( 'background-attachment', 'fixed' );\r\n\t\t\t\t\t\t} else {\r\n\t\t\t\t\t\t\t$('.sh-section-97b5815416ea65c4cd8902bbd525c573').jarallax({\r\n\t\t\t\t\t\t\t\tspeed: 0.5\t\t\t\t\t\t\t});\r\n\t\t\t\t\t\t}\r\n\t\t\t\t\t}\r\n\r\n\t\t\t\t\t\t\t\t\t\t\t});\r\n\t\t<\/script>\r\n\t\r\n\t<div class=\"sh-section-container container-fluid\">\r\n\t\t<div class=\"fw-row\">\n\t\r\n<div class=\"sh-column sh-column-5b22c5dacf61d07ef36bb593eb0a5c78 fw-col-xs-12\" >\r\n\r\n\t\r\n\t<div class=\"sh-column-wrapper\">\r\n\t\t\r\n\r\n\t<div class=\"sh-heading sh-heading-style1\" id=\"heading-6fb7c5c82bec7c0e7c3f73c632806aef\">\r\n\t\t<h1 class=\"sh-heading-content size-default\">\r\n\t\t\t<h2 style=\"text-align: left; color: white;\">Der Verein in Zahlen (Stand: 01.03.2017):<\/h2>\t\t<\/h1>\r\n\t<\/div>\r\n\r\n\t<\/div>\r\n\r\n\r\n\t\t\r\n\r\n<\/div>\r\n<\/div>\n\n<div class=\"fw-row\">\n\t\r\n<div class=\"sh-column sh-column-5b22c5dacf61d07ef36bb593eb0a5c78 fw-col-xs-12\" >\r\n\r\n\t\r\n\t<div class=\"sh-column-wrapper\">\r\n\t\t\r\n<div class=\"sh-empty-space\" id=\"empty-space-0e67df37c1730df27c27a5b6a235bca0\"><\/div>\r\n\t<\/div>\r\n\r\n\r\n\t\t\r\n\r\n<\/div>\r\n<\/div>\n\n<div class=\"fw-row\">\n\t\r\n<div class=\"sh-column sh-column-f50a7e66d647bc86fee8558210e8b5ac fw-col-xs-12 fw-col-sm-4\" >\r\n\r\n\t\r\n\t<div class=\"sh-column-wrapper\">\r\n\t\t\t<\/div>\r\n\r\n\r\n\t\t\r\n\r\n<\/div>\r\n\r\n<div class=\"sh-column sh-column-43da44f1d2135b9bc5600bca6d3a303f fw-col-xs-12 fw-col-sm-2\" >\r\n\r\n\t\r\n\t<div class=\"sh-column-wrapper\">\r\n\t\t\r\n<div id=\"counter-918e59a607d3286e73a4731b0a589cb6\" class=\"sh-counter sh-counter-style1\">\r\n\t\r\n\t\t<div class=\"sh-counter-number sh-counter-animate size-default\">62<\/div>\r\n\t\t<div class=\"sh-counter-topbar\">\r\n\t\t\t\t\t\t\t<div class=\"sh-counter-icon\">\r\n\t\t\t\t\t<i class=\"icon-people\"><\/i>\r\n\t\t\t\t<\/div>\r\n\t\t\t\t\t\t<h3 class=\"sh-counter-title\">\r\n\t\t\t\tAktive Mitglieder\t\t\t<\/h3>\r\n\t\t<\/div>\r\n\r\n\t\t\r\n\t<\/div>\r\n\t<\/div>\r\n\r\n\r\n\t\t\r\n\r\n<\/div>\r\n\r\n<div class=\"sh-column sh-column-b50f98abae4b52cbd8993d5215b7ae41 fw-col-xs-12 fw-col-sm-2\" >\r\n\r\n\t\r\n\t<div class=\"sh-column-wrapper\">\r\n\t\t\r\n<div id=\"counter-9dee8f05ce7fd32f00b68677886b240f\" class=\"sh-counter sh-counter-style1\">\r\n\t\r\n\t\t<div class=\"sh-counter-number sh-counter-animate size-default\">12<\/div>\r\n\t\t<div class=\"sh-counter-topbar\">\r\n\t\t\t\t\t\t\t<div class=\"sh-counter-icon\">\r\n\t\t\t\t\t<i class=\"icon-people\"><\/i>\r\n\t\t\t\t<\/div>\r\n\t\t\t\t\t\t<h3 class=\"sh-counter-title\">\r\n\t\t\t\tProbe Mitglieder\t\t\t<\/h3>\r\n\t\t<\/div>\r\n\r\n\t\t\r\n\t<\/div>\r\n\t<\/div>\r\n\r\n\r\n\t\t\r\n\r\n<\/div>\r\n\r\n<div class=\"sh-column sh-column-77819899d21b0ff96010b7c394e6fbc8 fw-col-xs-12 fw-col-sm-4\" >\r\n\r\n\t\r\n\t<div class=\"sh-column-wrapper\">\r\n\t\t\t<\/div>\r\n\r\n\r\n\t\t\r\n\r\n<\/div>\r\n<\/div>\n\n<div class=\"fw-row\">\n\t\r\n<div class=\"sh-column sh-column-5b22c5dacf61d07ef36bb593eb0a5c78 fw-col-xs-12\" >\r\n\r\n\t\r\n\t<div class=\"sh-column-wrapper\">\r\n\t\t\r\n<div class=\"sh-empty-space\" id=\"empty-space-aa7f55ee5f007a0d5eecd15068facb8a\"><\/div>\r\n\t<\/div>\r\n\r\n\r\n\t\t\r\n\r\n<\/div>\r\n<\/div>\n\n<div class=\"fw-row\">\n\t\r\n<div class=\"sh-column sh-column-884fb7109c73f84658f50dea441d4320 fw-col-xs-12 fw-col-sm-2\" >\r\n\r\n\t\r\n\t<div class=\"sh-column-wrapper\">\r\n\t\t\t<\/div>\r\n\r\n\r\n\t\t\r\n\r\n<\/div>\r\n\r\n<div class=\"sh-column sh-column-63654ab0522a95b45ddc092b00ebe84d fw-col-xs-12 fw-col-sm-2\" >\r\n\r\n\t\r\n\t<div class=\"sh-column-wrapper\">\r\n\t\t\r\n<div id=\"counter-2870b2e142b6f6155cc6b7c247c4bbec\" class=\"sh-counter sh-counter-style4\">\r\n\t\r\n\t\t<div class=\"sh-counter-icon\"><i class=\"\"><\/i><\/div>\r\n\t\t<div>\r\n\t\t\t<span class=\"sh-counter-number sh-counter-animate size-default\">16<\/span>\r\n\t\t\t<span class=\"sh-counter-title\">Mitglieder<\/span>\r\n\t\t<\/div>\r\n\t\t\t\t\t<div class=\"sh-counter-subtitle\">zwischen 16-20 Jahre<\/div>\r\n\t\t\r\n\t<\/div>\r\n\t<\/div>\r\n\r\n\r\n\t\t\r\n\r\n<\/div>\r\n\r\n<div class=\"sh-column sh-column-261fddb21eb548f63b7d8c05b94c62c6 fw-col-xs-12 fw-col-sm-2\" >\r\n\r\n\t\r\n\t<div class=\"sh-column-wrapper\">\r\n\t\t\r\n<div id=\"counter-a8864ab92c1aff5321166494d012c1d0\" class=\"sh-counter sh-counter-style4\">\r\n\t\r\n\t\t<div class=\"sh-counter-icon\"><i class=\"\"><\/i><\/div>\r\n\t\t<div>\r\n\t\t\t<span class=\"sh-counter-number sh-counter-animate size-default\">22<\/span>\r\n\t\t\t<span class=\"sh-counter-title\">Mitglieder<\/span>\r\n\t\t<\/div>\r\n\t\t\t\t\t<div class=\"sh-counter-subtitle\">zwischen 20-25 Jahre<\/div>\r\n\t\t\r\n\t<\/div>\r\n\t<\/div>\r\n\r\n\r\n\t\t\r\n\r\n<\/div>\r\n\r\n<div class=\"sh-column sh-column-480d463d0ea478ee26c738fec1cdde1c fw-col-xs-12 fw-col-sm-2\" >\r\n\r\n\t\r\n\t<div class=\"sh-column-wrapper\">\r\n\t\t\r\n<div id=\"counter-539d3180d1230dcfc253159bb8b32d75\" class=\"sh-counter sh-counter-style4\">\r\n\t\r\n\t\t<div class=\"sh-counter-icon\"><i class=\"\"><\/i><\/div>\r\n\t\t<div>\r\n\t\t\t<span class=\"sh-counter-number sh-counter-animate size-default\">18<\/span>\r\n\t\t\t<span class=\"sh-counter-title\">Mitglieder<\/span>\r\n\t\t<\/div>\r\n\t\t\t\t\t<div class=\"sh-counter-subtitle\">zwischen 25-30 Jahre<\/div>\r\n\t\t\r\n\t<\/div>\r\n\t<\/div>\r\n\r\n\r\n\t\t\r\n\r\n<\/div>\r\n\r\n<div class=\"sh-column sh-column-f96043c8f623d7df5978c886ed7b70d4 fw-col-xs-12 fw-col-sm-2\" >\r\n\r\n\t\r\n\t<div class=\"sh-column-wrapper\">\r\n\t\t\r\n<div id=\"counter-013e441ccf6e0c175aed01e5c95224b3\" class=\"sh-counter sh-counter-style4\">\r\n\t\r\n\t\t<div class=\"sh-counter-icon\"><i class=\"\"><\/i><\/div>\r\n\t\t<div>\r\n\t\t\t<span class=\"sh-counter-number sh-counter-animate size-default\">18<\/span>\r\n\t\t\t<span class=\"sh-counter-title\">Mitglieder<\/span>\r\n\t\t<\/div>\r\n\t\t\t\t\t<div class=\"sh-counter-subtitle\">\u00dc30<\/div>\r\n\t\t\r\n\t<\/div>\r\n\t<\/div>\r\n\r\n\r\n\t\t\r\n\r\n<\/div>\r\n\r\n<div class=\"sh-column sh-column-7522530286a519eb32046aa4c23e9a19 fw-col-xs-12 fw-col-sm-2\" >\r\n\r\n\t\r\n\t<div class=\"sh-column-wrapper\">\r\n\t\t\t<\/div>\r\n\r\n\r\n\t\t\r\n\r\n<\/div>\r\n<\/div>\n\n<div class=\"fw-row\">\n\t\r\n<div class=\"sh-column sh-column-5b22c5dacf61d07ef36bb593eb0a5c78 fw-col-xs-12\" >\r\n\r\n\t\r\n\t<div class=\"sh-column-wrapper\">\r\n\t\t\r\n<div class=\"sh-empty-space\" id=\"empty-space-9a9977cef2eccee2fd8786d9ada03140\"><\/div>\r\n\t<\/div>\r\n\r\n\r\n\t\t\r\n\r\n<\/div>\r\n<\/div>\n\n\t<\/div>\r\n<\/section>\n","protected":false},"excerpt":{"rendered":"<p>WIR SIND MEHR ALS EIN JUGENDCLUB EIN VEREIN STELLT SICH VOR Wir, die Firestones Wilsingen e.V. 1984, freuen uns sehr, dass Du den Weg auf unsere\u00a0Homepage gefunden hast. Auf unserer\u00a0Website findest Du einiges an Infomaterial \u00fcber unseren Verein und unser Engagement in der \u00d6ffentlichkeit sowie&#8230;<\/p>\n","protected":false},"author":1,"featured_media":0,"parent":0,"menu_order":0,"comment_status":"closed","ping_status":"closed","template":"","meta":[],"_links":{"self":[{"href":"http:\/\/dev.firestones-wilsingen.de\/index.php\/wp-json\/wp\/v2\/pages\/414"}],"collection":[{"href":"http:\/\/dev.firestones-wilsingen.de\/index.php\/wp-json\/wp\/v2\/pages"}],"about":[{"href":"http:\/\/dev.firestones-wilsingen.de\/index.php\/wp-json\/wp\/v2\/types\/page"}],"author":[{"embeddable":true,"href":"http:\/\/dev.firestones-wilsingen.de\/index.php\/wp-json\/wp\/v2\/users\/1"}],"replies":[{"embeddable":true,"href":"http:\/\/dev.firestones-wilsingen.de\/index.php\/wp-json\/wp\/v2\/comments?post=414"}],"version-history":[{"count":74,"href":"http:\/\/dev.firestones-wilsingen.de\/index.php\/wp-json\/wp\/v2\/pages\/414\/revisions"}],"predecessor-version":[{"id":4388,"href":"http:\/\/dev.firestones-wilsingen.de\/index.php\/wp-json\/wp\/v2\/pages\/414\/revisions\/4388"}],"wp:attachment":[{"href":"http:\/\/dev.firestones-wilsingen.de\/index.php\/wp-json\/wp\/v2\/media?parent=414"}],"curies":[{"name":"wp","href":"https:\/\/api.w.org\/{rel}","templated":true}]}}