{"id":604,"date":"2017-05-12T13:36:27","date_gmt":"2017-05-12T11:36:27","guid":{"rendered":"http:\/\/dev.firestones-wilsingen.de\/?page_id=604"},"modified":"2017-06-16T22:52:41","modified_gmt":"2017-06-16T20:52:41","slug":"beachparty","status":"publish","type":"page","link":"http:\/\/dev.firestones-wilsingen.de\/index.php\/beachevent\/beachparty\/","title":{"rendered":"Beachparty"},"content":{"rendered":"<section class=\"sh-section sh-section-fd09328fe5e3177eb70049edfc6dbc3a fw-main-row sh-section-visibility-everywhere\">\r\n\t\r\n\t\t\t<script type=\"text\/javascript\">\r\n\t\t\tjQuery(document).ready(function($) {\r\n\t\t\t\t\r\n\t\t\t\t\tif( $(window).width() >= 800 ) {\r\n\t\t\t\t\t\tif( document.documentMode || \/Edge\/.test(navigator.userAgent) ) {\r\n\t\t\t\t\t\t\t$('.sh-section-fd09328fe5e3177eb70049edfc6dbc3a').css( 'background-attachment', 'fixed' );\r\n\t\t\t\t\t\t} else {\r\n\t\t\t\t\t\t\t$('.sh-section-fd09328fe5e3177eb70049edfc6dbc3a').jarallax({\r\n\t\t\t\t\t\t\t\tspeed: 0.5\t\t\t\t\t\t\t});\r\n\t\t\t\t\t\t}\r\n\t\t\t\t\t}\r\n\r\n\t\t\t\t\t\t\t\t\t\t\t});\r\n\t\t<\/script>\r\n\t\r\n\t<div class=\"sh-section-container container-fluid\">\r\n\t\t<div class=\"fw-row\">\n\t\r\n<div class=\"sh-column sh-column-16e47fa7f688eb660d3e696b25dfeafc fw-col-xs-12 fw-col-sm-8\" >\r\n\r\n\t\r\n\t<div class=\"sh-column-wrapper\">\r\n\t\t\r\n<div class=\"sh-heading  \" id=\"heading-7dd869a18920952466b5c23aaedf0217\">\r\n\t<div class=\"sh-element-margin\">\r\n\r\n\t\t\r\n\t\t\t<h1 class=\"sh-heading-content size-default text-left\">\r\n\t\t\t\tIt's Beachparty time\t\t\t<\/h1>\r\n\r\n\t\t\r\n\t<\/div>\r\n<\/div>\r\n\r\n<div class=\"sh-empty-space\" id=\"empty-space-c95d3be2af2eae361726fe4a6d585861\"><\/div>\r\n\t<\/div>\r\n\r\n\r\n\t\t\r\n\r\n<\/div>\r\n\r\n<div class=\"sh-column sh-column-ba243c123cef9508067c84bf5f32a5c0 fw-col-xs-12 fw-col-sm-4 sh-column-mobile-padding\" >\r\n\r\n\t\r\n\t<div class=\"sh-column-wrapper\">\r\n\t\t\r\n<div id=\"text-block-0830cde109768e277576c3de6b222792\" class=\"sh-text-block\">\r\n\t<h3 style=\"color: #dd5555;\"><strong> Kein Einlass unter 16 Jahren!!!<br \/>Unter 18 nur mit <a style=\"color: white;\" href=\"\/wp-content\/uploads\/Image_Map\/Partypass.pdf\" target=\"_blank\" rel=\"noopener noreferrer\"> Partypass<\/a> <\/strong><\/h3><\/div>\r\n\t<\/div>\r\n\r\n\r\n\t\t\r\n\r\n<\/div>\r\n<\/div>\n\n<div class=\"fw-row\">\n\t\r\n<div class=\"sh-column sh-column-7d2bf581b54ef886830e42103832b8ee fw-col-xs-12 fw-col-sm-2\" >\r\n\r\n\t\r\n\t<div class=\"sh-column-wrapper\">\r\n\t\t\r\n<div id=\"counter-7486674e1a6eb864613770fcf7260248\" class=\"sh-counter sh-counter-style1\">\r\n\t\r\n\t\t<div class=\"sh-counter-number sh-counter-animate size-xl\">1400<\/div>\r\n\t\t<div class=\"sh-counter-topbar\">\r\n\t\t\t\t\t\t\t<div class=\"sh-counter-icon\">\r\n\t\t\t\t\t<i class=\"ti-anchor\"><\/i>\r\n\t\t\t\t<\/div>\r\n\t\t\t\t\t\t<h3 class=\"sh-counter-title\">\r\n\t\t\t\tG\u00e4ste\t\t\t<\/h3>\r\n\t\t<\/div>\r\n\r\n\t\t\r\n\t<\/div>\r\n\r\n<div id=\"counter-5baf7dbb902dd891ac9e0d867ee92608\" class=\"sh-counter sh-counter-style1\">\r\n\t\r\n\t\t<div class=\"sh-counter-number sh-counter-animate size-xl\">40<\/div>\r\n\t\t<div class=\"sh-counter-topbar\">\r\n\t\t\t\t\t\t\t<div class=\"sh-counter-icon\">\r\n\t\t\t\t\t<i class=\"fa fa-beer\"><\/i>\r\n\t\t\t\t<\/div>\r\n\t\t\t\t\t\t<h3 class=\"sh-counter-title\">\r\n\t\t\t\tverschiedene Getr\u00e4nke\t\t\t<\/h3>\r\n\t\t<\/div>\r\n\r\n\t\t\r\n\t<\/div>\r\n\r\n<div id=\"counter-1061a26bd5d67735e73911cd3e468ce3\" class=\"sh-counter sh-counter-style1\">\r\n\t\r\n\t\t<div class=\"sh-counter-number sh-counter-animate size-xl\">1<\/div>\r\n\t\t<div class=\"sh-counter-topbar\">\r\n\t\t\t\t\t\t\t<div class=\"sh-counter-icon\">\r\n\t\t\t\t\t<i class=\"fa fa-angellist\"><\/i>\r\n\t\t\t\t<\/div>\r\n\t\t\t\t\t\t<h3 class=\"sh-counter-title\">\r\n\t\t\t\tunvergessliche Party\t\t\t<\/h3>\r\n\t\t<\/div>\r\n\r\n\t\t\r\n\t<\/div>\r\n\t<\/div>\r\n\r\n\r\n\t\t\r\n\r\n<\/div>\r\n\r\n<div class=\"sh-column sh-column-3fa2f64d8bd1ada0fd174156e584b078 fw-col-xs-12 fw-col-sm-8 sh-column-mobile-padding\" >\r\n\r\n\t\r\n\t<div class=\"sh-column-wrapper\">\r\n\t\t\r\n<div id=\"text-block-208ce123cde7b7b1ba5749cec04f01cf\" class=\"sh-text-block\">\r\n\t<h1 style=\"text-align: center; color: white;\"><strong>Unsere Beachparty ist das Event des Jahres, das Ihr auf keinen Fall verpassen solltet...\u00a0 <\/strong><\/h1><h2 style=\"text-align: center; color: white;\"><strong>Mit leckeren Cocktails, hei\u00dfen Sommerrhythmen, beheiztem Pool, Piratenschiff, gro\u00dfer Beach-Bar, u.v.m. bieten wir Euch alles was Ihr f\u00fcr den perfekten Start in den Urlaub oder die Sommerferien ben\u00f6tigt. <\/strong><\/h2><h1 style=\"text-align: center; color: white;\"><strong>Sei auch Du dieses Jahr dabei wenn es wieder hei\u00dft \u201eIt\u00b4s Beachparty Time!\"<\/strong><\/h1><\/div>\r\n\r\n<div class=\"sh-empty-space\" id=\"empty-space-56598671bf5d42c85b9afa4883d3427a\"><\/div>\r\n\r\n<div id=\"button-461f8123142c65f383f7a36d366b807c\" class=\"sh-button-container  sh-button-style-5\">\r\n\t<div class=\"sh-element-margin\">\r\n\t\t<a href=\"#beachparty-1\" target=\"_self\" class=\"sh-button sh-button-xlarge sh-button-icon-left\">\r\n\r\n\t\t\t\t\t\t\t<span class=\"sh-button-icon\">\r\n\t\t\t\t\t<i class=\"ti-arrow-circle-down\"><\/i>\r\n\t\t\t\t<\/span>\r\n\t\t\t\r\n\t\t\t\t\t\t\t<span class=\"sh-button-text\">\r\n\t\t\t\t\tSee more\t\t\t\t<\/span>\r\n\t\t\t\r\n\t\t\t\r\n\t\t<\/a>\r\n\t\t\t<\/div>\r\n<\/div>\r\n\t<\/div>\r\n\r\n\r\n\t\t\r\n\r\n<\/div>\r\n\r\n<div class=\"sh-column sh-column-e1618303b3706456c67d07238f06c0eb fw-col-xs-12 fw-col-sm-2 sh-column-mobile-padding\" >\r\n\r\n\t\r\n\t<div class=\"sh-column-wrapper\">\r\n\t\t\r\n<script type=\"text\/javascript\">\r\n\tjQuery(document).ready(function ($) {\r\n\t\tif( $.isFunction( $.fn.countdown ) ) {\r\n\t\t\t$(\"#countdown-3d386c5fab27c0b06d62f6a5ad3da2f2\").countdown('2017\/07\/28 20:00', function(event) {\r\n\t\t\t\tvar $this = $(this).html(event.strftime(''\r\n\t\t\t\t+ '<div class=\"weeks\"><span>%w<\/span><div>Weeks<\/div><\/div>'\r\n\t\t\t\t+ '<div class=\"days\"><span>%d<\/span><div>Days<\/div><\/div>'\r\n\t\t\t\t+ '<div class=\"sh-coundtdown-container\"><\/div>'\r\n\t\t\t\t+ '<div class=\"hours\"><span>%H<\/span><div>Hours<\/div><\/div>'\r\n\t\t\t\t+ '<div class=\"minutes\"><span>%M<\/span><div>Minutes<\/div><\/div>'\r\n\t\t\t\t+ '<div class=\"seconds\"><span>%S<\/span><div>Seconds<\/div><\/div>'));\r\n\t\t\t});\r\n\t\t}\r\n\t});\r\n<\/script>\r\n\r\n<div id=\"countdown-3d386c5fab27c0b06d62f6a5ad3da2f2\" class=\"sh-countdown sh-countdown-style3 sh-countdown-small sh-countdown-alignment-center\"><\/div>\r\n\t<\/div>\r\n\r\n\r\n\t\t\r\n\r\n<\/div>\r\n<\/div>\n\n\t<\/div>\r\n<\/section>\r\n\r\n<section class=\"sh-section sh-section-0b37e560ddbf66ea71663001e698ee36 fw-main-row sh-section-visibility-everywhere\">\r\n\t\r\n\t\r\n\t<div class=\"sh-section-container container-fluid\">\r\n\t\t<div class=\"fw-row\">\n\t\r\n<div class=\"sh-column sh-column-9f5f60489890dbf74368aad1bfb5b67d fw-col-xs-12\" >\r\n\r\n\t\r\n\t<div class=\"sh-column-wrapper\">\r\n\t\t\r\n<div id=\"divider-641ea9dda23bb460b97ee9cf60849e64\" class=\"sh-divider sh-divider-center sh-divider-content-none\">\r\n\t\t\t<div class=\"sh-divider-line\"><\/div>\r\n\t<\/div>\r\n\t<\/div>\r\n\r\n\r\n\t\t\r\n\r\n<\/div>\r\n<\/div>\n\n<div class=\"fw-row\">\n\t\r\n<div class=\"sh-column sh-column-1e06275ccfe6f87517a3b572bbaccea3 fw-col-xs-12\" >\r\n\r\n\t\r\n\t<div class=\"sh-column-wrapper\">\r\n\t\t\r\n<div id=\"text-block-941c7ddde6fc9546f8a18c3982a50fec\" class=\"sh-text-block\">\r\n\t<p>[ps2id_wrap id='beachparty-1']<\/p><\/div>\r\n\r\n<div id=\"text-block-64499667c1849bff031255fabf1be1ba\" class=\"sh-text-block\">\r\n\t<p><div><div id=\"image-map-pro-9816\"><\/div><\/div><\/div>\r\n\t<\/div>\r\n\r\n\r\n\t\t\r\n\r\n<\/div>\r\n<\/div>\n\n\t<\/div>\r\n<\/section>\n","protected":false},"excerpt":{"rendered":"<p>It&#8217;s Beachparty time Kein Einlass unter 16 Jahren!!!Unter 18 nur mit Partypass 1400 G\u00e4ste 40 verschiedene Getr\u00e4nke 1 unvergessliche Party Unsere Beachparty ist das Event des Jahres, das Ihr auf keinen Fall verpassen solltet&#8230;\u00a0 Mit leckeren Cocktails, hei\u00dfen Sommerrhythmen, beheiztem Pool, Piratenschiff, gro\u00dfer Beach-Bar, u.v.m&#8230;.<\/p>\n","protected":false},"author":1,"featured_media":0,"parent":542,"menu_order":0,"comment_status":"closed","ping_status":"closed","template":"","meta":[],"_links":{"self":[{"href":"http:\/\/dev.firestones-wilsingen.de\/index.php\/wp-json\/wp\/v2\/pages\/604"}],"collection":[{"href":"http:\/\/dev.firestones-wilsingen.de\/index.php\/wp-json\/wp\/v2\/pages"}],"about":[{"href":"http:\/\/dev.firestones-wilsingen.de\/index.php\/wp-json\/wp\/v2\/types\/page"}],"author":[{"embeddable":true,"href":"http:\/\/dev.firestones-wilsingen.de\/index.php\/wp-json\/wp\/v2\/users\/1"}],"replies":[{"embeddable":true,"href":"http:\/\/dev.firestones-wilsingen.de\/index.php\/wp-json\/wp\/v2\/comments?post=604"}],"version-history":[{"count":185,"href":"http:\/\/dev.firestones-wilsingen.de\/index.php\/wp-json\/wp\/v2\/pages\/604\/revisions"}],"predecessor-version":[{"id":4389,"href":"http:\/\/dev.firestones-wilsingen.de\/index.php\/wp-json\/wp\/v2\/pages\/604\/revisions\/4389"}],"up":[{"embeddable":true,"href":"http:\/\/dev.firestones-wilsingen.de\/index.php\/wp-json\/wp\/v2\/pages\/542"}],"wp:attachment":[{"href":"http:\/\/dev.firestones-wilsingen.de\/index.php\/wp-json\/wp\/v2\/media?parent=604"}],"curies":[{"name":"wp","href":"https:\/\/api.w.org\/{rel}","templated":true}]}}