{"id":607,"date":"2017-05-12T13:36:52","date_gmt":"2017-05-12T11:36:52","guid":{"rendered":"http:\/\/dev.firestones-wilsingen.de\/?page_id=607"},"modified":"2017-06-16T22:58:07","modified_gmt":"2017-06-16T20:58:07","slug":"beachturnier","status":"publish","type":"page","link":"http:\/\/dev.firestones-wilsingen.de\/index.php\/beachevent\/beachturnier\/","title":{"rendered":"Beachturnier"},"content":{"rendered":"\r\n<section class=\"sh-section sh-section-d71dec962b8b50534c772da2f689b4ee fw-main-row sh-section-visibility-everywhere\">\r\n\t\r\n\t\r\n\t<div class=\"sh-section-container container-fluid\">\r\n\t\t<div class=\"fw-row\">\n\t\r\n<div class=\"sh-column sh-column-95b95ea2d05ee3d0433b7707e80c374c fw-col-xs-12\" >\r\n\r\n\t\r\n\t<div class=\"sh-column-wrapper\">\r\n\t\t\r\n<div class=\"sh-iconbox-slider sh-iconbox-slider-dynamic\" id=\"iconbox-slider-346f694bb9cffd4c4cbbb3ff4fb86390\">\r\n\r\n\t<div class=\"sh-iconbox-slider-content\" id=\"iconbox-slider-content-346f694bb9cffd4c4cbbb3ff4fb86390\">\r\n\t\t\t\t\t<div class=\"sh-iconbox-slider-item\" style=\"background-image: url( \/\/dev.firestones-wilsingen.de\/wp-content\/uploads\/2017\/05\/Beachevent_01.jpg );\">\r\n\t\t\t\t<div class=\"sh-iconbox-slider-item-content\">\r\n\t\t\t\t\t<div class=\"container\">\r\n\t\t\t\t\t\t<div class=\"sh-iconbox-slider-item-content-container\">\r\n\t\t\t\t\t\t\t<h2 style=\"text-align: center;\"><span style=\"font-size: 24px;\">Seit dem Bau unseres Beachvolleyballfeldes im Jahr 2002 steht Wilsingen ganz im Zeichen des Volleyballsports. Dieses Jahr steht das 15. Turnier vor der T\u00fcr und wartet auf den Beach-Champion 2017.<br \/><\/span><\/h2><h2 style=\"text-align: center;\">Seid auch Ihr dabei und k\u00e4mpft mit tollk\u00fchnen Schmetterb\u00e4llen um den Titel \"Beach-Champion\".<\/h2>\t\t\t\t\t\t<\/div>\r\n\t\t\t\t\t<\/div>\r\n\t\t\t\t<\/div>\r\n\t\t\t<\/div>\r\n\t\t\t\t\t<div class=\"sh-iconbox-slider-item\" style=\"background-image: url( \/\/dev.firestones-wilsingen.de\/wp-content\/uploads\/2017\/05\/Beachturnier_02.jpg );\">\r\n\t\t\t\t<div class=\"sh-iconbox-slider-item-content\">\r\n\t\t\t\t\t<div class=\"container\">\r\n\t\t\t\t\t\t<div class=\"sh-iconbox-slider-item-content-container\">\r\n\t\t\t\t\t\t\t<h2 style=\"text-align: center;\">Bei den Herren-Teams darf maximal ein aktiver Spieler auf dem Feld spielen. Bei den Mixed-Teams darf\/d\u00fcrfen maximal ein aktiver Spieler bzw. zwei aktive Spielerinnen pro Team auf dem Feld stehen. Die Begrenzung von zwei aktiven Spielerinnen gilt auch f\u00fcr Damen-Teams.<br \/>Ansonsten orientieren wir uns an den allgemeinen Volleyballregeln.<\/h2><p style=\"text-align: center; color: blue;\"><a href=\"\/wp-content\/uploads\/2017\/05\/FIVB-VolleyBallRegeln.pdf\" target=\"_blank\" rel=\"noopener noreferrer\">Regelwerk<\/a><\/p>\t\t\t\t\t\t<\/div>\r\n\t\t\t\t\t<\/div>\r\n\t\t\t\t<\/div>\r\n\t\t\t<\/div>\r\n\t\t\t\t\t<div class=\"sh-iconbox-slider-item\" style=\"background-image: url( \/\/dev.firestones-wilsingen.de\/wp-content\/uploads\/2017\/05\/Beachturnier_04.jpg );\">\r\n\t\t\t\t<div class=\"sh-iconbox-slider-item-content\">\r\n\t\t\t\t\t<div class=\"container\">\r\n\t\t\t\t\t\t<div class=\"sh-iconbox-slider-item-content-container\">\r\n\t\t\t\t\t\t\t<h2 style=\"text-align: center;\">Am Samstag (29.07.2017) beginnt um 11 Uhr der sportliche Teil des Beachevents und die Mannschaften k\u00e4mpfen in den Vorrundenspielen um den Einzug in die weiteren Runden. Gespielt wird mit Flutlicht bis ca. 22.00 Uhr wobei eine Siegerehrung mit\u00a0allen\u00a0beteiligten\u00a0 Mannschaften und tollen Preise das Turnier abrunden.<\/h2><h2 style=\"text-align: center;\">Die Anmeldegeb\u00fchr betr\u00e4gt 15\u20ac. Anmeldungen sind noch bis zum 21.07.2017 m\u00f6glich.<\/h2><h3 style=\"text-align: center;\"><a href=\"\/index.php\/anmeldung-beachturnier\/\" style=\"color:#15bee4\">zur Anmeldung<\/a><\/h3>\t\t\t\t\t\t<\/div>\r\n\t\t\t\t\t<\/div>\r\n\t\t\t\t<\/div>\r\n\t\t\t<\/div>\r\n\t\t\t<\/div>\r\n\r\n\t<div class=\"container\">\r\n\t\t<div class=\"sh-iconbox-slider-tabs sh-iconbox-slider-lock\" id=\"iconbox-slider-tabs-346f694bb9cffd4c4cbbb3ff4fb86390\">\r\n\t\t\t\t\t\t\t<div class=\"sh-iconbox-slider-tab\">\r\n\r\n\t\t\t\t\t<div class=\"sh-iconbox-slider-tab-container\">\r\n\t\t\t\t\t\t<div class=\"sh-iconbox-slider-tab-content\">\r\n\t\t\t\t\t\t\t<i class=\"ti-cup\"><\/i>\r\n\t\t\t\t\t\t\t<h5>Allgemeine Informationen<\/h5>\r\n\t\t\t\t\t\t<\/div>\r\n\t\t\t\t\t\t<i class=\"sh-iconbox-slider-tab-icon ti-cup\"><\/i>\r\n\t\t\t\t\t<\/div>\r\n\r\n\t\t\t\t<\/div>\r\n\t\t\t\t\t\t\t<div class=\"sh-iconbox-slider-tab\">\r\n\r\n\t\t\t\t\t<div class=\"sh-iconbox-slider-tab-container\">\r\n\t\t\t\t\t\t<div class=\"sh-iconbox-slider-tab-content\">\r\n\t\t\t\t\t\t\t<i class=\"fa fa-anchor\"><\/i>\r\n\t\t\t\t\t\t\t<h5>Spielregeln<\/h5>\r\n\t\t\t\t\t\t<\/div>\r\n\t\t\t\t\t\t<i class=\"sh-iconbox-slider-tab-icon fa fa-anchor\"><\/i>\r\n\t\t\t\t\t<\/div>\r\n\r\n\t\t\t\t<\/div>\r\n\t\t\t\t\t\t\t<div class=\"sh-iconbox-slider-tab\">\r\n\r\n\t\t\t\t\t<div class=\"sh-iconbox-slider-tab-container\">\r\n\t\t\t\t\t\t<div class=\"sh-iconbox-slider-tab-content\">\r\n\t\t\t\t\t\t\t<i class=\"ti-check\"><\/i>\r\n\t\t\t\t\t\t\t<h5>Rahmenprogramm<\/h5>\r\n\t\t\t\t\t\t<\/div>\r\n\t\t\t\t\t\t<i class=\"sh-iconbox-slider-tab-icon ti-check\"><\/i>\r\n\t\t\t\t\t<\/div>\r\n\r\n\t\t\t\t<\/div>\r\n\t\t\t\t\t<\/div>\r\n\t<\/div>\r\n\r\n\t<script type=\"text\/javascript\">\r\n\t\tjQuery(document).ready(function($){\r\n\t\t\t$('#iconbox-slider-content-346f694bb9cffd4c4cbbb3ff4fb86390').slick({\r\n\t\t\t\tslidesToShow: 1,\r\n\t\t\t\tslidesToScroll: 1,\r\n\t\t\t\tarrows: false,\r\n\t\t\t\tfade: true,\r\n\t\t\t\tasNavFor: '#iconbox-slider-tabs-346f694bb9cffd4c4cbbb3ff4fb86390',\r\n\t\t        prevArrow: '<button type=\"button\" class=\"slick-prev\"><span class=\"ti-angle-left\"><\/span><\/button>',\r\n\t\t        nextArrow: '<button type=\"button\" class=\"slick-next\"><span class=\"ti-angle-right\"><\/span><\/button>',\r\n\t\t\t\tautoplay: false,\r\n\t\t\t\tautoplaySpeed: 6000,\r\n\t\t\t});\r\n\t\t\t$('#iconbox-slider-tabs-346f694bb9cffd4c4cbbb3ff4fb86390').slick({\r\n\t\t\t\taccessibility: false,\r\n\t\t\t\tslidesToShow: 3,\r\n\t\t\t\tslidesToScroll: 1,\r\n\t\t\t\tasNavFor: '#iconbox-slider-content-346f694bb9cffd4c4cbbb3ff4fb86390',\r\n\t\t\t\tarrows: false,\r\n\t\t\t\tdots: false,\r\n\t\t\t\tcenterMode: false,\r\n\t\t\t\tfocusOnSelect: true,\r\n\t\t\t\tresponsive: [\r\n\t\t\t\t\t{\r\n\t\t\t\t\t\tbreakpoint: 1000,\r\n\t\t\t\t\t\tsettings: {\r\n\t\t\t\t\t\t\tslidesToShow: 3,\r\n\t\t\t\t\t\t}\r\n\t\t\t\t\t},\r\n\t\t\t\t\t{\r\n\t\t\t\t\t\tbreakpoint: 600,\r\n\t\t\t\t\t\tsettings: {\r\n\t\t\t\t\t\t\tslidesToShow: 2\t\t\t\t\t\t}\r\n\t\t\t\t\t}\r\n\t\t\t\t]\r\n\t\t\t});\r\n\t\t});\r\n\t<\/script>\r\n\r\n<\/div>\r\n\t<\/div>\r\n\r\n\r\n\t\t\r\n\r\n<\/div>\r\n<\/div>\n\n\t<\/div>\r\n<\/section>\r\n\n","protected":false},"excerpt":{"rendered":"<p>Seit dem Bau unseres Beachvolleyballfeldes im Jahr 2002 steht Wilsingen ganz im Zeichen des Volleyballsports. Dieses Jahr steht das 15. Turnier vor der T\u00fcr und wartet auf den Beach-Champion 2017.Seid auch Ihr dabei und k\u00e4mpft mit tollk\u00fchnen Schmetterb\u00e4llen um den Titel &#8222;Beach-Champion&#8220;. Bei den Herren-Teams&#8230;<\/p>\n","protected":false},"author":1,"featured_media":0,"parent":542,"menu_order":0,"comment_status":"closed","ping_status":"closed","template":"","meta":[],"_links":{"self":[{"href":"http:\/\/dev.firestones-wilsingen.de\/index.php\/wp-json\/wp\/v2\/pages\/607"}],"collection":[{"href":"http:\/\/dev.firestones-wilsingen.de\/index.php\/wp-json\/wp\/v2\/pages"}],"about":[{"href":"http:\/\/dev.firestones-wilsingen.de\/index.php\/wp-json\/wp\/v2\/types\/page"}],"author":[{"embeddable":true,"href":"http:\/\/dev.firestones-wilsingen.de\/index.php\/wp-json\/wp\/v2\/users\/1"}],"replies":[{"embeddable":true,"href":"http:\/\/dev.firestones-wilsingen.de\/index.php\/wp-json\/wp\/v2\/comments?post=607"}],"version-history":[{"count":56,"href":"http:\/\/dev.firestones-wilsingen.de\/index.php\/wp-json\/wp\/v2\/pages\/607\/revisions"}],"predecessor-version":[{"id":4390,"href":"http:\/\/dev.firestones-wilsingen.de\/index.php\/wp-json\/wp\/v2\/pages\/607\/revisions\/4390"}],"up":[{"embeddable":true,"href":"http:\/\/dev.firestones-wilsingen.de\/index.php\/wp-json\/wp\/v2\/pages\/542"}],"wp:attachment":[{"href":"http:\/\/dev.firestones-wilsingen.de\/index.php\/wp-json\/wp\/v2\/media?parent=607"}],"curies":[{"name":"wp","href":"https:\/\/api.w.org\/{rel}","templated":true}]}}